{"id":336,"date":"2020-12-23T18:23:15","date_gmt":"2020-12-23T17:23:15","guid":{"rendered":"http:\/\/www.w-e-st.de\/wp\/?page_id=336"},"modified":"2026-01-15T12:11:27","modified_gmt":"2026-01-15T11:11:27","slug":"software","status":"publish","type":"page","link":"https:\/\/www.w-e-st.de\/wp\/produkt-portfolio\/software\/","title":{"rendered":"Software"},"content":{"rendered":"<p>&nbsp;<\/p>\r\n<p>&nbsp;<\/p>\r\n<p>&nbsp;<\/p>\r\n<p>&nbsp;<\/p>\r\n\r\n<h2 class=\"wp-block-heading\">WPC-300 4.0<\/h2>\r\n\r\n<p>&nbsp;<\/p>\r\n\r\n<h3 class=\"wp-block-heading\">Inbetriebnahme-Software zur schnellen und einfachen Parametrierung und \u00dcberwachung unserer digitalen Steuerungen<\/h3>\r\n\r\n<p>&nbsp;<\/p>\r\n<hr class=\"wp-block-separator\" \/>\r\n<p>&nbsp;<\/p>\r\n\r\n<div class=\"wp-block-image\">\r\n<figure class=\"aligncenter\"><img decoding=\"async\" src=\"https:\/\/www.w-e-st.de\/files\/images\/WPC-300.png\" alt=\"\" \/><\/figure>\r\n<\/div>\r\n\r\n<p>&nbsp;<\/p>\r\n\r\n\r\n\r\n<ul class=\"wp-block-list\">\r\n<li>Automatische Erkennung und Anzeige des Modulnamens beim \u00d6ffnen der Schnittstelle<\/li>\r\n<li>Gleichzeitige Anzeige und Bedienung von Parametereingabe, Remote Control und der Prozessdatenmonitor &#8211; kein Umschalten zwischen Fenstern<\/li>\r\n<li>Verbessertes Oszilloskop zur Anzeige und Aufnahme von Prozessdaten<\/li>\r\n<li>Optimiert f\u00fcr Windows 11 (kompatibel mit \u00e4lteren Versionen)<\/li>\r\n<li>Einfache und \u00fcbersichtliche Bedienung der Ger\u00e4te \u00fcber PC \/ Notebook<\/li>\r\n<li>Beurteilung der Prozessgr\u00f6\u00dfen im laufenden Betrieb<\/li>\r\n<li>Anzeige von Statusinformationen<\/li>\r\n<li>Schneller Einarbeitung ohne langes Lesen des Handbuches<\/li>\r\n<li>Intuitive Bedienung<\/li>\r\n<\/ul>\r\n\r\n<p>Hinweis: Die Installation der Software erfordert Administrator-Rechte.<\/p>\r\n\r\n<p>&nbsp;<\/p>\r\n\r\n<p><strong>Downloads:<\/strong><\/p>\r\n\r\n<p>&nbsp;<\/p>\r\n\r\n<p><a href=\"\/\/www.w-e-st.de\/files\/pdf\/Quick_Start-WPC-300-V4-DE-0720.pdf\" target=\"_blank\" rel=\"noreferrer noopener\">Kurzanleitung WPC-300 4.0<\/a><\/p>\r\n\r\n<p>&nbsp;<\/p>\r\n\r\n<p><a href=\"\/\/www.w-e-st.de\/files\/software\/WPC_40_V4_1_3_05.exe\">WPC-300 Version 4.1.3.05<\/a><\/p>\r\n\r\n\r\n\r\n<p>&nbsp;<\/p>\r\n\r\n<p><a href=\"\/\/www.w-e-st.de\/files\/software\/setup-WPC-300-v3.6.6.zip\" target=\"_blank\" rel=\"noopener\">WPC-300 Version 3.6.6 &#8211; reduzierte Funktion, f\u00fcr \u00e4ltere Systeme<\/a><\/p>\r\n\r\n<p>&nbsp;<\/p>\r\n\r\n<p><a href=\"\/\/www.w-e-st.de\/files\/software\/CDM20824_Setup.zip\" target=\"_blank\" rel=\"noopener\">Windows USB Treiber &#8211; nur ben\u00f6tigt zur Nachinstallation mit Version 3.6.6<\/a><\/p>\r\n\r\n<p>&nbsp;<\/p>\r\n<hr class=\"wp-block-separator\" \/>\r\n<p>&nbsp;<\/p>","protected":false},"excerpt":{"rendered":"<p>&nbsp; &nbsp; &nbsp; &nbsp; WPC-300 4.0 &nbsp; Inbetriebnahme-Software zur schnellen und einfachen Parametrierung und \u00dcberwachung unserer digitalen Steuerungen &nbsp; &nbsp; &nbsp; WPC-300 4.0 Software tool for fast and easy parametrization and monitoring of our digitalcontrol modules &nbsp; Automatic discovery of module name when opening connection Editing parameters, remote control and process date monitoring available simultaneously&#8230;<\/p>\n","protected":false},"author":4,"featured_media":0,"parent":2,"menu_order":7,"comment_status":"closed","ping_status":"closed","template":"","meta":{"footnotes":""},"class_list":["post-336","page","type-page","status-publish","hentry"],"_links":{"self":[{"href":"https:\/\/www.w-e-st.de\/wp\/wp-json\/wp\/v2\/pages\/336","targetHints":{"allow":["GET"]}}],"collection":[{"href":"https:\/\/www.w-e-st.de\/wp\/wp-json\/wp\/v2\/pages"}],"about":[{"href":"https:\/\/www.w-e-st.de\/wp\/wp-json\/wp\/v2\/types\/page"}],"author":[{"embeddable":true,"href":"https:\/\/www.w-e-st.de\/wp\/wp-json\/wp\/v2\/users\/4"}],"replies":[{"embeddable":true,"href":"https:\/\/www.w-e-st.de\/wp\/wp-json\/wp\/v2\/comments?post=336"}],"version-history":[{"count":164,"href":"https:\/\/www.w-e-st.de\/wp\/wp-json\/wp\/v2\/pages\/336\/revisions"}],"predecessor-version":[{"id":3588,"href":"https:\/\/www.w-e-st.de\/wp\/wp-json\/wp\/v2\/pages\/336\/revisions\/3588"}],"up":[{"embeddable":true,"href":"https:\/\/www.w-e-st.de\/wp\/wp-json\/wp\/v2\/pages\/2"}],"wp:attachment":[{"href":"https:\/\/www.w-e-st.de\/wp\/wp-json\/wp\/v2\/media?parent=336"}],"curies":[{"name":"wp","href":"https:\/\/api.w.org\/{rel}","templated":true}]}}